{"id":7,"date":"2025-11-09T20:46:27","date_gmt":"2025-11-09T20:46:27","guid":{"rendered":"https:\/\/yellow-aardvark-716414.hostingersite.com\/?page_id=7"},"modified":"2026-03-28T17:08:35","modified_gmt":"2026-03-28T17:08:35","slug":"home","status":"publish","type":"page","link":"https:\/\/irikacr.com\/en\/","title":{"rendered":"Home"},"content":{"rendered":"","protected":false},"excerpt":{"rendered":"","protected":false},"author":1,"featured_media":0,"parent":0,"menu_order":0,"comment_status":"closed","ping_status":"closed","template":"","meta":{"_acf_changed":false,"_seopress_robots_primary_cat":"","_seopress_titles_title":"Hospedaje Ecol\u00f3gico en Turrialba | Irik\u00e1 Lodge & Caf\u00e9 Org\u00e1nico","_seopress_titles_desc":"Vive la autenticidad rural en Irik\u00e1 Lodge. Hospedaje en finca de caf\u00e9 org\u00e1nica con casas privadas, ecoturismo y tradici\u00f3n. \u00a1Reserva tu escape hoy!","_seopress_robots_index":"","footnotes":""},"class_list":["post-7","page","type-page","status-publish","hentry"],"acpt":null,"acf":[],"_links":{"self":[{"href":"https:\/\/irikacr.com\/en\/wp-json\/wp\/v2\/pages\/7","targetHints":{"allow":["GET"]}}],"collection":[{"href":"https:\/\/irikacr.com\/en\/wp-json\/wp\/v2\/pages"}],"about":[{"href":"https:\/\/irikacr.com\/en\/wp-json\/wp\/v2\/types\/page"}],"author":[{"embeddable":true,"href":"https:\/\/irikacr.com\/en\/wp-json\/wp\/v2\/users\/1"}],"replies":[{"embeddable":true,"href":"https:\/\/irikacr.com\/en\/wp-json\/wp\/v2\/comments?post=7"}],"version-history":[{"count":99,"href":"https:\/\/irikacr.com\/en\/wp-json\/wp\/v2\/pages\/7\/revisions"}],"predecessor-version":[{"id":1562,"href":"https:\/\/irikacr.com\/en\/wp-json\/wp\/v2\/pages\/7\/revisions\/1562"}],"wp:attachment":[{"href":"https:\/\/irikacr.com\/en\/wp-json\/wp\/v2\/media?parent=7"}],"curies":[{"name":"wp","href":"https:\/\/api.w.org\/{rel}","templated":true}]}}